{"id":13,"date":"2018-09-10T10:06:55","date_gmt":"2018-09-10T07:06:55","guid":{"rendered":"https:\/\/koneurakointiollila.com\/?page_id=13"},"modified":"2018-09-17T10:04:35","modified_gmt":"2018-09-17T07:04:35","slug":"palvelut","status":"publish","type":"page","link":"https:\/\/www.koneurakointiollila.com\/index.php\/palvelut\/","title":{"rendered":"Palvelut"},"content":{"rendered":"\n<figure class=\"wp-block-image\"><img loading=\"lazy\" decoding=\"async\" width=\"500\" height=\"281\" src=\"https:\/\/koneurakointiollila.com\/wp-content\/uploads\/2018\/09\/palvelut.jpg\" alt=\"\" class=\"wp-image-97\" srcset=\"https:\/\/www.koneurakointiollila.com\/wp-content\/uploads\/2018\/09\/palvelut.jpg 500w, https:\/\/www.koneurakointiollila.com\/wp-content\/uploads\/2018\/09\/palvelut-300x169.jpg 300w\" sizes=\"auto, (max-width: 500px) 100vw, 500px\" \/><\/figure>\n\n\n\n<ul class=\"wp-block-list\"><li>Kiinteist\u00f6huolto<br\/><\/li><li>Kiinteist\u00f6jen salaojaremontit<\/li><li>Viem\u00e4rin ja salaojien huuhtelut<\/li><li>Mursketoimitukset<\/li><li>Kaivinkonety\u00f6t<\/li><li>Traktority\u00f6t<\/li><li>Piha-alueiden kes\u00e4- ja talvikunnossapito<\/li><li>Lokakaivojen tyhjennykset<\/li><li>Koneiden siirrot\/lavettikuljetukset<\/li><li>Nurmikoiden ja pensasaitojen leikkuut<\/li><\/ul>\n","protected":false},"excerpt":{"rendered":"<p>Kiinteist\u00f6huolto Kiinteist\u00f6jen salaojaremontit Viem\u00e4rin ja salaojien huuhtelut Mursketoimitukset Kaivinkonety\u00f6t Traktority\u00f6t Piha-alueiden kes\u00e4- ja talvikunnossapito Lokakaivojen tyhjennykset Koneiden siirrot\/lavettikuljetukset Nurmikoiden ja pensasaitojen leikkuut<\/p>\n","protected":false},"author":1,"featured_media":0,"parent":0,"menu_order":0,"comment_status":"closed","ping_status":"closed","template":"","meta":{"_crdt_document":"","footnotes":""},"class_list":["post-13","page","type-page","status-publish","hentry"],"_links":{"self":[{"href":"https:\/\/www.koneurakointiollila.com\/index.php\/wp-json\/wp\/v2\/pages\/13","targetHints":{"allow":["GET"]}}],"collection":[{"href":"https:\/\/www.koneurakointiollila.com\/index.php\/wp-json\/wp\/v2\/pages"}],"about":[{"href":"https:\/\/www.koneurakointiollila.com\/index.php\/wp-json\/wp\/v2\/types\/page"}],"author":[{"embeddable":true,"href":"https:\/\/www.koneurakointiollila.com\/index.php\/wp-json\/wp\/v2\/users\/1"}],"replies":[{"embeddable":true,"href":"https:\/\/www.koneurakointiollila.com\/index.php\/wp-json\/wp\/v2\/comments?post=13"}],"version-history":[{"count":3,"href":"https:\/\/www.koneurakointiollila.com\/index.php\/wp-json\/wp\/v2\/pages\/13\/revisions"}],"predecessor-version":[{"id":99,"href":"https:\/\/www.koneurakointiollila.com\/index.php\/wp-json\/wp\/v2\/pages\/13\/revisions\/99"}],"wp:attachment":[{"href":"https:\/\/www.koneurakointiollila.com\/index.php\/wp-json\/wp\/v2\/media?parent=13"}],"curies":[{"name":"wp","href":"https:\/\/api.w.org\/{rel}","templated":true}]}}