{"id":19,"date":"2018-09-10T10:07:30","date_gmt":"2018-09-10T07:07:30","guid":{"rendered":"https:\/\/koneurakointiollila.com\/?page_id=19"},"modified":"2018-09-18T09:11:51","modified_gmt":"2018-09-18T06:11:51","slug":"yhteistyossa","status":"publish","type":"page","link":"https:\/\/www.koneurakointiollila.com\/index.php\/yhteistyossa\/","title":{"rendered":"Yhteisty\u00f6ss\u00e4"},"content":{"rendered":"\n<figure class=\"wp-block-image\"><img loading=\"lazy\" decoding=\"async\" width=\"500\" height=\"281\" src=\"https:\/\/koneurakointiollila.com\/wp-content\/uploads\/2018\/09\/yhteis-1.jpg\" alt=\"\" class=\"wp-image-136\" srcset=\"https:\/\/www.koneurakointiollila.com\/wp-content\/uploads\/2018\/09\/yhteis-1.jpg 500w, https:\/\/www.koneurakointiollila.com\/wp-content\/uploads\/2018\/09\/yhteis-1-300x169.jpg 300w\" sizes=\"auto, (max-width: 500px) 100vw, 500px\" \/><\/figure>\n\n\n\n<ul class=\"wp-block-list\"><li>Kiinteist\u00f6huolto ja kuljetus Lehtikangas OY<\/li><li>Veijo Lehtonen<\/li><li><a href=\"http:\/\/www.kuljetustaanila.com\/\" target=\"_blank\" rel=\"noopener\">Kuljetusliike Taanila KY<\/a><\/li><li>Veljekset Jylkk\u00e4 AY<br\/><\/li><li><a href=\"http:\/\/koneurakointihmikkola.com\/\" target=\"_blank\">Koneurakointi H. Mikkola<\/a><\/li><li><a href=\"http:\/\/tkhlogistics.wixsite.com\/tkhlogistics\" target=\"_blank\">TKH Logistics OY<\/a><\/li><li><a href=\"http:\/\/www.louhintakaanta.fi\/\" target=\"_blank\">Louhinta K\u00e4\u00e4nt\u00e4 OY<\/a><br\/><\/li><li><a href=\"http:\/\/rakennustivitek.fi\/\" target=\"_blank\">Rakennusliike Tivitek OY<\/a><br\/><\/li><li>T&amp;M koneurakointi KY<br\/><\/li><\/ul>\n","protected":false},"excerpt":{"rendered":"<p>Kiinteist\u00f6huolto ja kuljetus Lehtikangas OY Veijo Lehtonen Kuljetusliike Taanila KY Veljekset Jylkk\u00e4 AY Koneurakointi H. Mikkola TKH Logistics OY Louhinta K\u00e4\u00e4nt\u00e4 OY Rakennusliike Tivitek OY&hellip;<\/p>\n","protected":false},"author":1,"featured_media":0,"parent":0,"menu_order":0,"comment_status":"closed","ping_status":"closed","template":"","meta":{"_crdt_document":"","footnotes":""},"class_list":["post-19","page","type-page","status-publish","hentry"],"_links":{"self":[{"href":"https:\/\/www.koneurakointiollila.com\/index.php\/wp-json\/wp\/v2\/pages\/19","targetHints":{"allow":["GET"]}}],"collection":[{"href":"https:\/\/www.koneurakointiollila.com\/index.php\/wp-json\/wp\/v2\/pages"}],"about":[{"href":"https:\/\/www.koneurakointiollila.com\/index.php\/wp-json\/wp\/v2\/types\/page"}],"author":[{"embeddable":true,"href":"https:\/\/www.koneurakointiollila.com\/index.php\/wp-json\/wp\/v2\/users\/1"}],"replies":[{"embeddable":true,"href":"https:\/\/www.koneurakointiollila.com\/index.php\/wp-json\/wp\/v2\/comments?post=19"}],"version-history":[{"count":4,"href":"https:\/\/www.koneurakointiollila.com\/index.php\/wp-json\/wp\/v2\/pages\/19\/revisions"}],"predecessor-version":[{"id":138,"href":"https:\/\/www.koneurakointiollila.com\/index.php\/wp-json\/wp\/v2\/pages\/19\/revisions\/138"}],"wp:attachment":[{"href":"https:\/\/www.koneurakointiollila.com\/index.php\/wp-json\/wp\/v2\/media?parent=19"}],"curies":[{"name":"wp","href":"https:\/\/api.w.org\/{rel}","templated":true}]}}